{"id":32,"date":"2020-02-03T23:54:21","date_gmt":"2020-02-03T22:54:21","guid":{"rendered":"http:\/\/maisonperceneige.ch\/?page_id=32"},"modified":"2020-03-15T11:55:59","modified_gmt":"2020-03-15T10:55:59","slug":"une-section-de-page-daccueil","status":"publish","type":"page","link":"https:\/\/maisonperceneige.ch\/","title":{"rendered":"Bienvenue chez nous !"},"content":{"rendered":"\n<p>Nous venons de cr\u00e9er ce magnifique appartement tout confort qui se situe dans les combles de notre villa, soit au deuxi\u00e8me \u00e9tage.  Pr\u00e9vu pour 4 personnes, il comprend deux chambres \u00e0 coucher (une fois un lit double, une fois deux lits simples) avec chacune sa salle de bain privative. La cuisine est compl\u00e8tement \u00e9quip\u00e9e et le s\u00e9jour comprend un coin \u00e0 manger et un salon.<\/p>\n\n\n\n<p>Chaque pi\u00e8ce comprend une smart TV (possibilit\u00e9 de se connecter avec son propre compte Netflix ou YouTube) et un climatiseur.<\/p>\n\n\n\n<p>La literie et les linges de bain sont mis \u00e0 votre disposition.<\/p>\n\n\n\n<p>Nous nous r\u00e9jouissons de vous accueillir et c&rsquo;est avec plaisir que nous pourrons vous sugg\u00e9rer des propositions tant d\u00e9couvertes que gustatives de notre r\u00e9gion.<\/p>\n","protected":false},"excerpt":{"rendered":"<p>Nous venons de cr\u00e9er ce magnifique appartement tout confort qui se situe dans les combles de notre villa, soit au deuxi\u00e8me \u00e9tage. Pr\u00e9vu pour 4 personnes, il comprend deux chambres \u00e0 coucher (une fois un lit double, une fois deux lits simples) avec chacune sa salle de bain privative. La cuisine est compl\u00e8tement \u00e9quip\u00e9e et &hellip; <\/p>\n<p class=\"link-more\"><a href=\"https:\/\/maisonperceneige.ch\/\" class=\"more-link\">Continuer la lecture<span class=\"screen-reader-text\"> de &laquo;&nbsp;Bienvenue chez nous !&nbsp;&raquo;<\/span><\/a><\/p>\n","protected":false},"author":1,"featured_media":0,"parent":0,"menu_order":0,"comment_status":"closed","ping_status":"closed","template":"","meta":{"footnotes":""},"class_list":["post-32","page","type-page","status-publish","hentry"],"_links":{"self":[{"href":"https:\/\/maisonperceneige.ch\/index.php\/wp-json\/wp\/v2\/pages\/32","targetHints":{"allow":["GET"]}}],"collection":[{"href":"https:\/\/maisonperceneige.ch\/index.php\/wp-json\/wp\/v2\/pages"}],"about":[{"href":"https:\/\/maisonperceneige.ch\/index.php\/wp-json\/wp\/v2\/types\/page"}],"author":[{"embeddable":true,"href":"https:\/\/maisonperceneige.ch\/index.php\/wp-json\/wp\/v2\/users\/1"}],"replies":[{"embeddable":true,"href":"https:\/\/maisonperceneige.ch\/index.php\/wp-json\/wp\/v2\/comments?post=32"}],"version-history":[{"count":3,"href":"https:\/\/maisonperceneige.ch\/index.php\/wp-json\/wp\/v2\/pages\/32\/revisions"}],"predecessor-version":[{"id":257,"href":"https:\/\/maisonperceneige.ch\/index.php\/wp-json\/wp\/v2\/pages\/32\/revisions\/257"}],"wp:attachment":[{"href":"https:\/\/maisonperceneige.ch\/index.php\/wp-json\/wp\/v2\/media?parent=32"}],"curies":[{"name":"wp","href":"https:\/\/api.w.org\/{rel}","templated":true}]}}